{"id":21,"date":"2026-02-15T16:26:06","date_gmt":"2026-02-15T16:26:06","guid":{"rendered":"https:\/\/livrachrono.fr\/?page_id=21"},"modified":"2026-04-19T22:18:50","modified_gmt":"2026-04-19T22:18:50","slug":"accueil","status":"publish","type":"page","link":"https:\/\/livrachrono.fr\/","title":{"rendered":"ACCUEIL"},"content":{"rendered":"\t\t<div data-elementor-type=\"wp-page\" data-elementor-id=\"21\" class=\"elementor elementor-21\">\n\t\t\t\t<header class=\"elementor-element elementor-element-05d27c6 e-flex e-con-boxed e-con e-parent\" data-id=\"05d27c6\" data-element_type=\"container\" data-e-type=\"container\" data-settings=\"{&quot;background_background&quot;:&quot;gradient&quot;}\">\n\t\t\t\t\t<div class=\"e-con-inner\">\n\t\t\t\t<div class=\"elementor-element elementor-element-a29e43f elementor-widget elementor-widget-wp-widget-search\" data-id=\"a29e43f\" data-element_type=\"widget\" data-e-type=\"widget\" data-widget_type=\"wp-widget-search.default\">\n\t\t\t\t<div class=\"elementor-widget-container\">\n\t\t\t\t\t<form role=\"search\" method=\"get\" class=\"search-form\" action=\"https:\/\/livrachrono.fr\/\">\n\t<label for=\"search-field\">\n\t\t<span class=\"screen-reader-text\">Rechercher\u00a0:<\/span>\n\t\t<input type=\"search\" id=\"search-field\" class=\"search-field\"   placeholder=\"Recherche\u2026\" value=\"\" name=\"s\" tabindex=\"-1\">\n\t\t\t\t\t<button class=\"search-submit ast-search-submit\" aria-label=\"Envoi de la recherche\">\n\t\t\t\t<span hidden>Rechercher<\/span>\n\t\t\t\t<i><span class=\"ast-icon icon-search\"><svg xmlns=\"http:\/\/www.w3.org\/2000\/svg\" xmlns:xlink=\"http:\/\/www.w3.org\/1999\/xlink\" version=\"1.1\" x=\"0px\" y=\"0px\" viewBox=\"-893 477 142 142\" enable-background=\"new -888 480 142 142\" xml:space=\"preserve\">\n\t\t\t\t\t\t  <path d=\"M-787.4,568.7h-6.3l-2.4-2.4c7.9-8.7,12.6-20.5,12.6-33.1c0-28.4-22.9-51.3-51.3-51.3  c-28.4,0-51.3,22.9-51.3,51.3c0,28.4,22.9,51.3,51.3,51.3c12.6,0,24.4-4.7,33.1-12.6l2.4,2.4v6.3l39.4,39.4l11.8-11.8L-787.4,568.7  L-787.4,568.7z M-834.7,568.7c-19.7,0-35.5-15.8-35.5-35.5c0-19.7,15.8-35.5,35.5-35.5c19.7,0,35.5,15.8,35.5,35.5  C-799.3,553-815,568.7-834.7,568.7L-834.7,568.7z\" \/>\n\t\t\t\t\t\t  <\/svg><\/span><\/i>\n\t\t\t<\/button>\n\t\t\t<\/label>\n\t\t\t<input type=\"submit\" class=\"search-submit\" value=\"Rechercher\">\n\t<\/form>\n\t\t\t\t<\/div>\n\t\t\t\t<\/div>\n\t\t\t\t\t<\/div>\n\t\t\t\t<\/header>\n\t\t<div class=\"elementor-element elementor-element-23213e4 e-con-full e-flex e-con e-parent\" data-id=\"23213e4\" data-element_type=\"container\" data-e-type=\"container\" data-settings=\"{&quot;background_background&quot;:&quot;classic&quot;}\">\n\t\t\t\t<div class=\"elementor-element elementor-element-fbd0752 elementor-widget__width-initial elementor-widget elementor-widget-heading\" data-id=\"fbd0752\" data-element_type=\"widget\" data-e-type=\"widget\" data-widget_type=\"heading.default\">\n\t\t\t\t\t<h2 class=\"elementor-heading-title elementor-size-default\">Qui sommes-nous?<\/h2>\t\t\t\t<\/div>\n\t\t\t\t<div class=\"elementor-element elementor-element-4930588 elementor-widget elementor-widget-heading\" data-id=\"4930588\" data-element_type=\"widget\" data-e-type=\"widget\" data-widget_type=\"heading.default\">\n\t\t\t\t\t<h2 class=\"elementor-heading-title elementor-size-default\"><b>Origines<\/b><\/h2>\t\t\t\t<\/div>\n\t\t\t\t<div class=\"elementor-element elementor-element-9b42936 elementor-widget elementor-widget-text-editor\" data-id=\"9b42936\" data-element_type=\"widget\" data-e-type=\"widget\" data-widget_type=\"text-editor.default\">\n\t\t\t\t\t\t\t\t\t<p>Cr\u00e9\u00e9e en 2025 \u00e0 \u00c9vry-Courcouronnes,<br \/>Livrachrono est une entreprise de logistique urbaine sp\u00e9cialis\u00e9e dans l\u2019alimentation, et plus particuli\u00e8rement les<br \/>produits frais.<br \/>Notre mission : rendre les courses alimentaires en ligne plus simples, plus rapides et plus \u00e9cologiques gr\u00e2ce \u00e0 une livraison innovante en v\u00e9lo triporteur, sur tout le territoire national.\u00a0<\/p>\t\t\t\t\t\t\t\t<\/div>\n\t\t\t\t<div class=\"elementor-element elementor-element-cc613e6 elementor-widget__width-initial elementor-mobile-align-left elementor-widget elementor-widget-button\" data-id=\"cc613e6\" data-element_type=\"widget\" data-e-type=\"widget\" data-widget_type=\"button.default\">\n\t\t\t\t\t\t\t\t\t\t<a class=\"elementor-button elementor-button-link elementor-size-sm\" href=\"https:\/\/livrachrono.fr\/index.php\/contacts\/\">\n\t\t\t\t\t\t<span class=\"elementor-button-content-wrapper\">\n\t\t\t\t\t\t\t\t\t<span class=\"elementor-button-text\">Contactez-nous<\/span>\n\t\t\t\t\t<\/span>\n\t\t\t\t\t<\/a>\n\t\t\t\t\t\t\t\t<\/div>\n\t\t\t\t<\/div>\n\t\t<div class=\"elementor-element elementor-element-8b684de e-flex e-con-boxed e-con e-parent\" data-id=\"8b684de\" data-element_type=\"container\" data-e-type=\"container\">\n\t\t\t\t\t<div class=\"e-con-inner\">\n\t\t<div class=\"elementor-element elementor-element-66f56e4 e-con-full e-flex e-con e-child\" data-id=\"66f56e4\" data-element_type=\"container\" data-e-type=\"container\">\n\t\t\t\t<div class=\"elementor-element elementor-element-1700adb elementor-widget elementor-widget-image\" data-id=\"1700adb\" data-element_type=\"widget\" data-e-type=\"widget\" data-widget_type=\"image.default\">\n\t\t\t\t\t\t\t\t\t\t\t\t\t\t\t<img fetchpriority=\"high\" decoding=\"async\" width=\"394\" height=\"525\" src=\"https:\/\/livrachrono.fr\/wp-content\/uploads\/2026\/04\/captureli2.jpg\" class=\"attachment-large size-large wp-image-546\" alt=\"\" srcset=\"https:\/\/livrachrono.fr\/wp-content\/uploads\/2026\/04\/captureli2.jpg 394w, https:\/\/livrachrono.fr\/wp-content\/uploads\/2026\/04\/captureli2-225x300.jpg 225w\" sizes=\"(max-width: 394px) 100vw, 394px\" \/>\t\t\t\t\t\t\t\t\t\t\t\t\t\t\t<\/div>\n\t\t\t\t<\/div>\n\t\t<div class=\"elementor-element elementor-element-9b507cc e-con-full e-flex e-con e-child\" data-id=\"9b507cc\" data-element_type=\"container\" data-e-type=\"container\">\n\t\t\t\t<div class=\"elementor-element elementor-element-76a3a87 elementor-widget elementor-widget-heading\" data-id=\"76a3a87\" data-element_type=\"widget\" data-e-type=\"widget\" data-widget_type=\"heading.default\">\n\t\t\t\t\t<h2 class=\"elementor-heading-title elementor-size-default\">Concept<\/h2>\t\t\t\t<\/div>\n\t\t\t\t<div class=\"elementor-element elementor-element-9fa8dbc elementor-widget__width-initial elementor-widget elementor-widget-text-editor\" data-id=\"9fa8dbc\" data-element_type=\"widget\" data-e-type=\"widget\" data-widget_type=\"text-editor.default\">\n\t\t\t\t\t\t\t\t\t<p>\u00a0Nous avons observ\u00e9 ce qui se fait \u00e0 l\u2019\u00e9tranger, et nous nous sommes tourn\u00e9 vers les \u00c9tats-Unis o\u00f9 Uber d\u00e9veloppe des personal shoppers dans le secteur des grandes surfaces alimentaires en affectant les commandes \u00e0 ses chauffeurs de taxis.<\/p>\t\t\t\t\t\t\t\t<\/div>\n\t\t\t\t<\/div>\n\t\t\t\t\t<\/div>\n\t\t\t\t<\/div>\n\t\t<div class=\"elementor-element elementor-element-f23e0d3 e-flex e-con-boxed e-con e-parent\" data-id=\"f23e0d3\" data-element_type=\"container\" data-e-type=\"container\">\n\t\t\t\t\t<div class=\"e-con-inner\">\n\t\t<div class=\"elementor-element elementor-element-799411f e-con-full e-flex e-con e-child\" data-id=\"799411f\" data-element_type=\"container\" data-e-type=\"container\">\n\t\t\t\t<div class=\"elementor-element elementor-element-b8c248c elementor-widget elementor-widget-heading\" data-id=\"b8c248c\" data-element_type=\"widget\" data-e-type=\"widget\" data-widget_type=\"heading.default\">\n\t\t\t\t\t<h2 class=\"elementor-heading-title elementor-size-default\">Objectifs<\/h2>\t\t\t\t<\/div>\n\t\t\t\t<div class=\"elementor-element elementor-element-ef20be0 elementor-widget elementor-widget-text-editor\" data-id=\"ef20be0\" data-element_type=\"widget\" data-e-type=\"widget\" data-widget_type=\"text-editor.default\">\n\t\t\t\t\t\t\t\t\t<p>Assurer la gestion compl\u00e8te du processus de distribution, du pr\u00e9l\u00e8vement en passant par l\u2019emballage des produits jusqu\u2019au \u00e0 la livraison, afin de r\u00e9duire significativement les d\u00e9lais tout en minimisant l\u2019empreinte carbone, garantissant ainsi une distribution optimale et efficace.<\/p>\t\t\t\t\t\t\t\t<\/div>\n\t\t\t\t<\/div>\n\t\t<div class=\"elementor-element elementor-element-4288e2b e-con-full e-flex e-con e-child\" data-id=\"4288e2b\" data-element_type=\"container\" data-e-type=\"container\">\n\t\t\t\t<div class=\"elementor-element elementor-element-9d9b52c elementor-widget__width-inherit elementor-widget elementor-widget-image\" data-id=\"9d9b52c\" data-element_type=\"widget\" data-e-type=\"widget\" data-widget_type=\"image.default\">\n\t\t\t\t\t\t\t\t\t\t\t\t\t\t\t<img decoding=\"async\" width=\"640\" height=\"412\" src=\"https:\/\/livrachrono.fr\/wp-content\/uploads\/2026\/04\/objetif.jpg\" class=\"attachment-large size-large wp-image-576\" alt=\"\" srcset=\"https:\/\/livrachrono.fr\/wp-content\/uploads\/2026\/04\/objetif.jpg 640w, https:\/\/livrachrono.fr\/wp-content\/uploads\/2026\/04\/objetif-300x193.jpg 300w\" sizes=\"(max-width: 640px) 100vw, 640px\" \/>\t\t\t\t\t\t\t\t\t\t\t\t\t\t\t<\/div>\n\t\t\t\t<\/div>\n\t\t\t\t\t<\/div>\n\t\t\t\t<\/div>\n\t\t<div class=\"elementor-element elementor-element-e9810d0 e-flex e-con-boxed e-con e-parent\" data-id=\"e9810d0\" data-element_type=\"container\" data-e-type=\"container\">\n\t\t\t\t\t<div class=\"e-con-inner\">\n\t\t<div class=\"elementor-element elementor-element-64b922d e-con-full e-flex e-con e-child\" data-id=\"64b922d\" data-element_type=\"container\" data-e-type=\"container\">\n\t\t\t\t<div class=\"elementor-element elementor-element-5556096 elementor-widget elementor-widget-heading\" data-id=\"5556096\" data-element_type=\"widget\" data-e-type=\"widget\" data-widget_type=\"heading.default\">\n\t\t\t\t\t<h2 class=\"elementor-heading-title elementor-size-default\">Le March\u00e9<\/h2>\t\t\t\t<\/div>\n\t\t\t\t<div class=\"elementor-element elementor-element-ccaaee0 elementor-widget elementor-widget-text-editor\" data-id=\"ccaaee0\" data-element_type=\"widget\" data-e-type=\"widget\" data-widget_type=\"text-editor.default\">\n\t\t\t\t\t\t\t\t\t<p>\u00a0En 2024, pr\u00e8s de 25 % des consommateurs en ligne ont eu recours \u00e0 la livraison de courses \u00e0 domicile, soit environ 13,7 millions de personnes. La livraison repr\u00e9sente d\u00e9j\u00e0 10 % des courses alimentaires en ligne en France. Pourtant, le drive reste le canal le plus utilis\u00e9. C\u2019est dans ce contexte que Livrachrono s\u2019impose comme une alternative plus rapide, \u00e9cologique et \u00e9conomique.<\/p>\t\t\t\t\t\t\t\t<\/div>\n\t\t\t\t<\/div>\n\t\t<div class=\"elementor-element elementor-element-ea850ee e-con-full e-flex e-con e-child\" data-id=\"ea850ee\" data-element_type=\"container\" data-e-type=\"container\">\n\t\t\t\t<div class=\"elementor-element elementor-element-86282cd elementor-widget elementor-widget-image\" data-id=\"86282cd\" data-element_type=\"widget\" data-e-type=\"widget\" data-widget_type=\"image.default\">\n\t\t\t\t\t\t\t\t\t\t\t\t\t\t\t<img decoding=\"async\" width=\"386\" height=\"418\" src=\"https:\/\/livrachrono.fr\/wp-content\/uploads\/2026\/04\/lemarche.jpg\" class=\"attachment-large size-large wp-image-599\" alt=\"\" srcset=\"https:\/\/livrachrono.fr\/wp-content\/uploads\/2026\/04\/lemarche.jpg 386w, https:\/\/livrachrono.fr\/wp-content\/uploads\/2026\/04\/lemarche-277x300.jpg 277w\" sizes=\"(max-width: 386px) 100vw, 386px\" \/>\t\t\t\t\t\t\t\t\t\t\t\t\t\t\t<\/div>\n\t\t\t\t<\/div>\n\t\t\t\t\t<\/div>\n\t\t\t\t<\/div>\n\t\t<div class=\"elementor-element elementor-element-d19d52f e-flex e-con-boxed e-con e-parent\" data-id=\"d19d52f\" data-element_type=\"container\" data-e-type=\"container\">\n\t\t\t\t\t<div class=\"e-con-inner\">\n\t\t<div class=\"elementor-element elementor-element-0c5d989 e-con-full e-flex e-con e-child\" data-id=\"0c5d989\" data-element_type=\"container\" data-e-type=\"container\">\n\t\t\t\t<div class=\"elementor-element elementor-element-37a5d4d elementor-widget elementor-widget-heading\" data-id=\"37a5d4d\" data-element_type=\"widget\" data-e-type=\"widget\" data-widget_type=\"heading.default\">\n\t\t\t\t\t<h2 class=\"elementor-heading-title elementor-size-default\">Nos Valeurs<\/h2>\t\t\t\t<\/div>\n\t\t\t\t<div class=\"elementor-element elementor-element-629c488 elementor-widget elementor-widget-text-editor\" data-id=\"629c488\" data-element_type=\"widget\" data-e-type=\"widget\" data-widget_type=\"text-editor.default\">\n\t\t\t\t\t\t\t\t\t<p>\u00a0Nous pla\u00e7ons l\u2019\u00e9coresponsabilit\u00e9 au c\u0153ur de notre activit\u00e9 en r\u00e9duisant l\u2019empreinte carbone gr\u00e2ce \u00e0 l\u2019utilisation de v\u00e9los triporteurs. La<br \/>qualit\u00e9 de service est une priorit\u00e9, chaque commande \u00e9tant pr\u00e9par\u00e9e et<br \/>livr\u00e9e avec le plus grand soin. Nous cultivons la confiance et la proximit\u00e9<br \/>en cr\u00e9ant un lien direct entre les clients et nos personal shoppers, pour<br \/>une relation humaine et rassurante. Enfin, nous favorisons l\u2019innovation par<br \/>une organisation agile et une tra\u00e7abilit\u00e9 optimale des commandes<\/p>\t\t\t\t\t\t\t\t<\/div>\n\t\t\t\t<div class=\"elementor-element elementor-element-e6c9346 elementor-widget elementor-widget-heading\" data-id=\"e6c9346\" data-element_type=\"widget\" data-e-type=\"widget\" data-widget_type=\"heading.default\">\n\t\t\t\t\t<h2 class=\"elementor-heading-title elementor-size-default\">Nos Valeurs<\/h2>\t\t\t\t<\/div>\n\t\t\t\t<\/div>\n\t\t<div class=\"elementor-element elementor-element-8003ee8 e-con-full e-flex e-con e-child\" data-id=\"8003ee8\" data-element_type=\"container\" data-e-type=\"container\">\n\t\t\t\t<div class=\"elementor-element elementor-element-a101df2 elementor-widget elementor-widget-image\" data-id=\"a101df2\" data-element_type=\"widget\" data-e-type=\"widget\" data-widget_type=\"image.default\">\n\t\t\t\t\t\t\t\t\t\t\t\t\t\t\t<img loading=\"lazy\" decoding=\"async\" width=\"1024\" height=\"576\" src=\"https:\/\/livrachrono.fr\/wp-content\/uploads\/2026\/04\/Design-sans-titre-1-1024x576.png\" class=\"attachment-large size-large wp-image-591\" alt=\"\" srcset=\"https:\/\/livrachrono.fr\/wp-content\/uploads\/2026\/04\/Design-sans-titre-1-1024x576.png 1024w, https:\/\/livrachrono.fr\/wp-content\/uploads\/2026\/04\/Design-sans-titre-1-300x169.png 300w, https:\/\/livrachrono.fr\/wp-content\/uploads\/2026\/04\/Design-sans-titre-1-768x432.png 768w, https:\/\/livrachrono.fr\/wp-content\/uploads\/2026\/04\/Design-sans-titre-1-1536x864.png 1536w, https:\/\/livrachrono.fr\/wp-content\/uploads\/2026\/04\/Design-sans-titre-1.png 1920w\" sizes=\"(max-width: 1024px) 100vw, 1024px\" \/>\t\t\t\t\t\t\t\t\t\t\t\t\t\t\t<\/div>\n\t\t\t\t<\/div>\n\t\t\t\t\t<\/div>\n\t\t\t\t<\/div>\n\t\t<div class=\"elementor-element elementor-element-e7f3dba e-flex e-con-boxed e-con e-parent\" data-id=\"e7f3dba\" data-element_type=\"container\" data-e-type=\"container\">\n\t\t\t\t\t<div class=\"e-con-inner\">\n\t\t\t\t<div class=\"elementor-element elementor-element-30ab1ee elementor-widget elementor-widget-button\" data-id=\"30ab1ee\" data-element_type=\"widget\" data-e-type=\"widget\" data-widget_type=\"button.default\">\n\t\t\t\t\t\t\t\t\t\t<a class=\"elementor-button elementor-button-link elementor-size-sm\" href=\"#\">\n\t\t\t\t\t\t<span class=\"elementor-button-content-wrapper\">\n\t\t\t\t\t\t\t\t\t<span class=\"elementor-button-text\">CONTACTEZ-NOUS<\/span>\n\t\t\t\t\t<\/span>\n\t\t\t\t\t<\/a>\n\t\t\t\t\t\t\t\t<\/div>\n\t\t\t\t<div class=\"elementor-element elementor-element-e81a0f0 elementor-widget elementor-widget-heading\" data-id=\"e81a0f0\" data-element_type=\"widget\" data-e-type=\"widget\" data-widget_type=\"heading.default\">\n\t\t\t\t\t<h2 class=\"elementor-heading-title elementor-size-default\"><a href=\"https:\/\/livrachrono.fr\/index.php\/services\/\">DECOUVRIR NOS SERVICES<\/a><\/h2>\t\t\t\t<\/div>\n\t\t\t\t\t<\/div>\n\t\t\t\t<\/div>\n\t\t<footer class=\"elementor-element elementor-element-de95295 e-grid e-con-full e-con e-parent\" data-id=\"de95295\" data-element_type=\"container\" data-e-type=\"container\" data-settings=\"{&quot;background_background&quot;:&quot;video&quot;}\">\n\t\t\t\t<div class=\"elementor-element elementor-element-fe8a6be elementor-widget elementor-widget-heading\" data-id=\"fe8a6be\" data-element_type=\"widget\" data-e-type=\"widget\" data-widget_type=\"heading.default\">\n\t\t\t\t\t<h2 class=\"elementor-heading-title elementor-size-default\"><a href=\"https:\/\/livrachrono.fr\/\">ACCUEIL<\/a><\/h2>\t\t\t\t<\/div>\n\t\t\t\t<div class=\"elementor-element elementor-element-550e102 elementor-widget elementor-widget-heading\" data-id=\"550e102\" data-element_type=\"widget\" data-e-type=\"widget\" data-widget_type=\"heading.default\">\n\t\t\t\t\t<h2 class=\"elementor-heading-title elementor-size-default\"><a href=\"https:\/\/livrachrono.fr\/index.php\/contacts\/\">CONTACT<\/a><\/h2>\t\t\t\t<\/div>\n\t\t\t\t<div class=\"elementor-element elementor-element-77e9f63 elementor-widget elementor-widget-heading\" data-id=\"77e9f63\" data-element_type=\"widget\" data-e-type=\"widget\" data-widget_type=\"heading.default\">\n\t\t\t\t\t<h2 class=\"elementor-heading-title elementor-size-default\"><a href=\"https:\/\/livrachrono.fr\/index.php\/services\/\">SERVICE<\/a><\/h2>\t\t\t\t<\/div>\n\t\t\t\t<\/footer>\n\t\t\t\t<\/div>\n\t\t","protected":false},"excerpt":{"rendered":"<p>Qui sommes-nous? Origines Cr\u00e9\u00e9e en 2025 \u00e0 \u00c9vry-Courcouronnes,Livrachrono est une entreprise de logistique urbaine sp\u00e9cialis\u00e9e dans l\u2019alimentation, et plus particuli\u00e8rement [&hellip;]<\/p>\n","protected":false},"author":1,"featured_media":0,"parent":0,"menu_order":0,"comment_status":"closed","ping_status":"closed","template":"","meta":{"site-sidebar-layout":"no-sidebar","site-content-layout":"","ast-site-content-layout":"full-width-container","site-content-style":"default","site-sidebar-style":"default","ast-global-header-display":"","ast-banner-title-visibility":"","ast-main-header-display":"","ast-hfb-above-header-display":"","ast-hfb-below-header-display":"","ast-hfb-mobile-header-display":"","site-post-title":"disabled","ast-breadcrumbs-content":"","ast-featured-img":"disabled","footer-sml-layout":"","ast-disable-related-posts":"","theme-transparent-header-meta":"","adv-header-id-meta":"","stick-header-meta":"","header-above-stick-meta":"","header-main-stick-meta":"","header-below-stick-meta":"","astra-migrate-meta-layouts":"default","ast-page-background-enabled":"default","ast-page-background-meta":{"desktop":{"background-color":"var(--ast-global-color-5)","background-image":"","background-repeat":"repeat","background-position":"center center","background-size":"auto","background-attachment":"scroll","background-type":"","background-media":"","overlay-type":"","overlay-color":"","overlay-opacity":"","overlay-gradient":""},"tablet":{"background-color":"","background-image":"","background-repeat":"repeat","background-position":"center center","background-size":"auto","background-attachment":"scroll","background-type":"","background-media":"","overlay-type":"","overlay-color":"","overlay-opacity":"","overlay-gradient":""},"mobile":{"background-color":"","background-image":"","background-repeat":"repeat","background-position":"center center","background-size":"auto","background-attachment":"scroll","background-type":"","background-media":"","overlay-type":"","overlay-color":"","overlay-opacity":"","overlay-gradient":""}},"ast-content-background-meta":{"desktop":{"background-color":"var(--ast-global-color-4)","background-image":"","background-repeat":"repeat","background-position":"center center","background-size":"auto","background-attachment":"scroll","background-type":"","background-media":"","overlay-type":"","overlay-color":"","overlay-opacity":"","overlay-gradient":""},"tablet":{"background-color":"var(--ast-global-color-4)","background-image":"","background-repeat":"repeat","background-position":"center center","background-size":"auto","background-attachment":"scroll","background-type":"","background-media":"","overlay-type":"","overlay-color":"","overlay-opacity":"","overlay-gradient":""},"mobile":{"background-color":"var(--ast-global-color-4)","background-image":"","background-repeat":"repeat","background-position":"center center","background-size":"auto","background-attachment":"scroll","background-type":"","background-media":"","overlay-type":"","overlay-color":"","overlay-opacity":"","overlay-gradient":""}},"footnotes":""},"class_list":["post-21","page","type-page","status-publish","hentry"],"_links":{"self":[{"href":"https:\/\/livrachrono.fr\/index.php\/wp-json\/wp\/v2\/pages\/21","targetHints":{"allow":["GET"]}}],"collection":[{"href":"https:\/\/livrachrono.fr\/index.php\/wp-json\/wp\/v2\/pages"}],"about":[{"href":"https:\/\/livrachrono.fr\/index.php\/wp-json\/wp\/v2\/types\/page"}],"author":[{"embeddable":true,"href":"https:\/\/livrachrono.fr\/index.php\/wp-json\/wp\/v2\/users\/1"}],"replies":[{"embeddable":true,"href":"https:\/\/livrachrono.fr\/index.php\/wp-json\/wp\/v2\/comments?post=21"}],"version-history":[{"count":344,"href":"https:\/\/livrachrono.fr\/index.php\/wp-json\/wp\/v2\/pages\/21\/revisions"}],"predecessor-version":[{"id":618,"href":"https:\/\/livrachrono.fr\/index.php\/wp-json\/wp\/v2\/pages\/21\/revisions\/618"}],"wp:attachment":[{"href":"https:\/\/livrachrono.fr\/index.php\/wp-json\/wp\/v2\/media?parent=21"}],"curies":[{"name":"wp","href":"https:\/\/api.w.org\/{rel}","templated":true}]}}